{"id":4261,"date":"2026-01-21T08:49:54","date_gmt":"2026-01-21T07:49:54","guid":{"rendered":"http:\/\/tomatesdelguadiana.com\/politique-de-gestion\/"},"modified":"2026-03-24T11:17:44","modified_gmt":"2026-03-24T10:17:44","slug":"politique-de-gestion","status":"publish","type":"page","link":"https:\/\/tomatesdelguadiana.com\/fr\/politique-de-gestion\/","title":{"rendered":"Politique de gestion"},"content":{"rendered":"<p>[vc_row css=\u00a0\u00bb.vc_custom_1768981663638{padding-top: 80px !important;padding-bottom: 80px !important;}\u00a0\u00bb][vc_column width=\u00a0\u00bb1\/6&Prime;][\/vc_column][vc_column width=\u00a0\u00bb2\/3&Prime;][vc_single_image image=\u00a0\u00bb3564&Prime; alignment=\u00a0\u00bbcenter\u00a0\u00bb][vc_column_text]<\/p>\n<h2>POLITIQUE DE GESTION (QUALIT\u00c9, GESTION ENVIRONNEMENTALE ET S\u00c9CURIT\u00c9 ALIMENTAIRE)<\/h2>\n<p>Le syst\u00e8me de gestion de la qualit\u00e9, de l&rsquo;environnement, de l&rsquo;\u00e9nergie et de la s\u00e9curit\u00e9 des denr\u00e9es alimentaires mis en \u0153uvre chez TOMATES DEL GUADIANA, SOCIEDAD COOPERATIVA, r\u00e9pond aux exigences applicables des normes UNE-EN ISO 14001:2015, UNE-EN ISO 50001:2018 et BRCGS (S\u00e9curit\u00e9 des denr\u00e9es alimentaires). Il est structur\u00e9 et adapt\u00e9 \u00e0 la production de concentr\u00e9s et de pur\u00e9es de tomates et de fruits. Il t\u00e9moigne \u00e9galement de l&rsquo;engagement de l&rsquo;entreprise \u00e0 respecter les exigences l\u00e9gales et r\u00e9glementaires en mati\u00e8re de protection de l&rsquo;environnement, conform\u00e9ment \u00e0 l&rsquo;autorisation environnementale int\u00e9gr\u00e9e obtenue et aux autres obligations auxquelles elle souscrit.<\/p>\n<p>La politique de qualit\u00e9, de gestion environnementale, de gestion de l&rsquo;\u00e9nergie et de s\u00e9curit\u00e9 alimentaire de TOMATES DEL GUADIANA, S.Coop., repose sur les points suivants :<\/p>\n<ul style=\"margin: 0px 30px;\">\n<li>1. L&rsquo;objectif principal de l&rsquo;entreprise est de garantir que la premi\u00e8re transformation du fruit soit effectu\u00e9e par ses propres producteurs.<\/li>\n<li>2. Un engagement ferme de la direction de TOMATES DEL GUADIANA, S.Coop., \u00e0 mettre en \u0153uvre, faire \u00e9voluer, am\u00e9liorer en continu et surveiller le syst\u00e8me de gestion de la qualit\u00e9, de l&rsquo;environnement, de l&rsquo;\u00e9nergie et de la s\u00e9curit\u00e9 alimentaire de l&rsquo;entreprise, ainsi qu&rsquo;\u00e0 am\u00e9liorer en continu la performance \u00e9nerg\u00e9tique et \u00e0 \u00e9tablir les m\u00e9canismes visant \u00e0 faciliter la participation active de tous \u00e0 l&rsquo;ex\u00e9cution du plan de d\u00e9fense alimentaire.<\/li>\n<li>3. Respect strict de la l\u00e9gislation environnementale et \u00e9nerg\u00e9tique en vigueur (tant en mati\u00e8re d&rsquo;efficacit\u00e9 \u00e9nerg\u00e9tique que d&rsquo;utilisation et de consommation d&rsquo;\u00e9nergie) et des autres exigences auxquelles l&rsquo;organisation souscrit, des exigences HALAL et KOSHER et des exigences des clients (y compris les directives M&amp;S) ; la production et la transformation des mati\u00e8res premi\u00e8res doivent \u00eatre s\u00fbres et l\u00e9gales afin que le produit final r\u00e9ponde \u00e0 toutes les exigences \u00e9tablies par ces lois.<\/li>\n<li>4. D\u00e9veloppement d&rsquo;une relation de collaboration mutuelle avec nos fournisseurs, en leur transmettant et en les impliquant dans notre politique qualit\u00e9, notre gestion environnementale, notre gestion de l&rsquo;\u00e9nergie et notre politique de s\u00e9curit\u00e9 alimentaire.<\/li>\n<li>5. D\u00e9velopper une relation de collaboration mutuelle avec nos clients, en les impliquant dans notre politique qualit\u00e9, notre gestion environnementale, notre gestion de l&rsquo;\u00e9nergie et notre s\u00e9curit\u00e9 alimentaire afin d&rsquo;atteindre un niveau de satisfaction plus \u00e9lev\u00e9 et ainsi r\u00e9pondre \u00e0 la qualit\u00e9 qu&rsquo;ils sp\u00e9cifient.<\/li>\n<li>6. Un engagement en faveur de l\u2019am\u00e9lioration continue de la qualit\u00e9 de notre produit alimentaire final, ainsi que de la mati\u00e8re premi\u00e8re initiale (la non-utilisation de semences g\u00e9n\u00e9tiquement modifi\u00e9es).<\/li>\n<li>7. Pr\u00e9server les produits finaux en stock dans des conditions de qualit\u00e9 optimales afin de r\u00e9duire les pertes de l&rsquo;entreprise et d&rsquo;accro\u00eetre ses performances.<\/li>\n<li>8. Un engagement en faveur de la formation continue du personnel de Tomates del Guadiana dans les domaines de la qualit\u00e9, de la protection des aliments, de la gestion de l&rsquo;\u00e9nergie et de la gestion environnementale.<\/li>\n<li>9. Nous minimisons l&rsquo;impact environnemental de nos activit\u00e9s en ma\u00eetrisant les aspects environnementaux g\u00e9n\u00e9r\u00e9s, conform\u00e9ment \u00e0 une approche de r\u00e9duction et de recyclage de nos d\u00e9chets. Lorsque cela s&rsquo;av\u00e8re impossible, nous veillons \u00e0 ce que nos d\u00e9chets soient \u00e9limin\u00e9s de mani\u00e8re \u00e0 minimiser leur impact environnemental, garantissant ainsi l&rsquo;am\u00e9lioration continue de notre performance environnementale et notre durabilit\u00e9 \u00e0 long terme, tout en pr\u00e9servant l&rsquo;\u00e9quilibre des ressources de notre environnement. Notre situation privil\u00e9gi\u00e9e, au c\u0153ur des terres agricoles, nous permet de r\u00e9duire les d\u00e9lais de r\u00e9colte. Ces courtes p\u00e9riodes d&rsquo;attente assurent une pr\u00e9servation optimale des qualit\u00e9s des produits frais et r\u00e9duisent directement notre impact environnemental.<\/li>\n<li>10. L&rsquo;entreprise s&rsquo;engage \u00e0 informer tous ses employ\u00e9s de leurs responsabilit\u00e9s en mati\u00e8re de qualit\u00e9 et de s\u00e9curit\u00e9 alimentaire, et \u00e0 les int\u00e9grer \u00e0 sa culture d&rsquo;entreprise dans ce domaine. La direction est particuli\u00e8rement attach\u00e9e \u00e0 la mise en \u0153uvre et \u00e0 l&rsquo;am\u00e9lioration continue d&rsquo;une culture de s\u00e9curit\u00e9 alimentaire impliquant l&rsquo;ensemble du personnel.<\/li>\n<li>11. Un engagement en faveur d\u2019une gestion efficace des ressources \u00e9nerg\u00e9tiques, garantissant la disponibilit\u00e9 des informations et des ressources n\u00e9cessaires \u00e0 la r\u00e9alisation des objectifs \u00e9nerg\u00e9tiques, r\u00e9duisant ainsi les \u00e9missions de CO2 li\u00e9es \u00e0 leur consommation.<\/li>\n<li>12. Soutenir l\u2019acquisition de produits et services d\u2019efficacit\u00e9 \u00e9nerg\u00e9tique ayant un impact sur la performance \u00e9nerg\u00e9tique de l\u2019organisation, ainsi que les activit\u00e9s de conception visant \u00e0 am\u00e9liorer cette performance.<\/li>\n<li>13. Surveiller la consommation d&rsquo;eau afin qu&rsquo;elle n&rsquo;affecte pas les localit\u00e9s voisines de notre industrie, un acteur cl\u00e9 de notre entreprise, utilisant de l&rsquo;eau purifi\u00e9e et recycl\u00e9e dans nos propres installations pour le lavage des fruits frais, contribuant ainsi \u00e0 la pr\u00e9servation d&rsquo;une ressource de plus en plus pr\u00e9cieuse.<\/li>\n<li>14. L&rsquo;entreprise facilitera l&rsquo;expression de nouvelles id\u00e9es et propositions visant \u00e0 d\u00e9velopper des processus d&rsquo;am\u00e9lioration.<\/li>\n<li>15. La soci\u00e9t\u00e9 s\u2019engage \u00e0 minimiser le risque de fraude et \u00e0 garantir que toutes les descriptions et all\u00e9gations relatives aux produits sont l\u00e9gales, appropri\u00e9es et v\u00e9rifiables, gr\u00e2ce \u00e0 son syst\u00e8me de gestion de la qualit\u00e9, de l\u2019environnement, de l\u2019\u00e9nergie et de la s\u00e9curit\u00e9 alimentaire, en fournissant des produits authentiques.<\/li>\n<li>16. Pr\u00e9venir la pollution que les TOMATES DEL GUADIANA pourraient g\u00e9n\u00e9rer afin de maintenir une relation mutuellement b\u00e9n\u00e9fique avec l&rsquo;environnement qui nous entoure.<\/li>\n<li>17. L\u2019entreprise est consciente de sa responsabilit\u00e9 \u00e9thique et sociale et de l\u2019importance du bien-\u00eatre de ses travailleurs.<\/li>\n<\/ul>\n<p>Ces principes seront appliqu\u00e9s syst\u00e9matiquement, conform\u00e9ment au syst\u00e8me de gestion de la qualit\u00e9, de l&rsquo;environnement, de l&rsquo;\u00e9nergie et de la s\u00e9curit\u00e9 des aliments mis en place. Cette politique sera diffus\u00e9e dans l&rsquo;ensemble des installations et r\u00e9guli\u00e8rement mise \u00e0 jour.<\/p>\n<p><b>27-05-2024. Signature\/Adresse : Celia Santos Blanco<\/b>[\/vc_column_text][\/vc_column][vc_column width=\u00a0\u00bb1\/6&Prime;][\/vc_column][\/vc_row][vc_row css=\u00a0\u00bb.vc_custom_1768907452717{margin-bottom: 0px !important;padding-bottom: 0px !important;background-image: url(http:\/\/tomatesdelguadiana.com\/wp-content\/uploads\/2026\/01\/trama-footer.png?id=3660) !important;background-position: 0 0 !important;background-repeat: no-repeat !important;}\u00a0\u00bb][vc_column css=\u00a0\u00bb.vc_custom_1768907583173{margin-bottom: 0px !important;padding-top: 30px !important;padding-bottom: 5px !important;}\u00a0\u00bb][\/vc_column][\/vc_row]<\/p>\n","protected":false},"excerpt":{"rendered":"<p>[vc_row css=\u00a0\u00bb.vc_custom_1768981663638{padding-top: 80px !important;padding-bottom: 80px !important;}\u00a0\u00bb][vc_column width=\u00a0\u00bb1\/6&Prime;][\/vc_column][vc_column width=\u00a0\u00bb2\/3&Prime;][vc_single_image image=\u00a0\u00bb3564&Prime; alignment=\u00a0\u00bbcenter\u00a0\u00bb][vc_column_text] POLITIQUE DE GESTION (QUALIT\u00c9, GESTION ENVIRONNEMENTALE ET S\u00c9CURIT\u00c9 ALIMENTAIRE) Le syst\u00e8me de gestion de la qualit\u00e9, de l&rsquo;environnement, de l&rsquo;\u00e9nergie et de la s\u00e9curit\u00e9 des denr\u00e9es alimentaires mis en \u0153uvre chez TOMATES DEL GUADIANA, SOCIEDAD COOPERATIVA, r\u00e9pond aux exigences applicables des normes UNE-EN ISO 14001:2015, [&hellip;]<\/p>\n","protected":false},"author":1,"featured_media":0,"parent":0,"menu_order":0,"comment_status":"closed","ping_status":"closed","template":"","meta":{"footnotes":""},"class_list":["post-4261","page","type-page","status-publish","hentry"],"_links":{"self":[{"href":"https:\/\/tomatesdelguadiana.com\/fr\/wp-json\/wp\/v2\/pages\/4261","targetHints":{"allow":["GET"]}}],"collection":[{"href":"https:\/\/tomatesdelguadiana.com\/fr\/wp-json\/wp\/v2\/pages"}],"about":[{"href":"https:\/\/tomatesdelguadiana.com\/fr\/wp-json\/wp\/v2\/types\/page"}],"author":[{"embeddable":true,"href":"https:\/\/tomatesdelguadiana.com\/fr\/wp-json\/wp\/v2\/users\/1"}],"replies":[{"embeddable":true,"href":"https:\/\/tomatesdelguadiana.com\/fr\/wp-json\/wp\/v2\/comments?post=4261"}],"version-history":[{"count":1,"href":"https:\/\/tomatesdelguadiana.com\/fr\/wp-json\/wp\/v2\/pages\/4261\/revisions"}],"predecessor-version":[{"id":4739,"href":"https:\/\/tomatesdelguadiana.com\/fr\/wp-json\/wp\/v2\/pages\/4261\/revisions\/4739"}],"wp:attachment":[{"href":"https:\/\/tomatesdelguadiana.com\/fr\/wp-json\/wp\/v2\/media?parent=4261"}],"curies":[{"name":"wp","href":"https:\/\/api.w.org\/{rel}","templated":true}]}}