{"id":4262,"date":"2026-01-21T08:51:32","date_gmt":"2026-01-21T07:51:32","guid":{"rendered":"http:\/\/tomatesdelguadiana.com\/politique-de-confidentialite\/"},"modified":"2026-01-21T08:51:32","modified_gmt":"2026-01-21T07:51:32","slug":"politique-de-confidentialite","status":"publish","type":"page","link":"https:\/\/tomatesdelguadiana.com\/fr\/politique-de-confidentialite\/","title":{"rendered":"Politique de confidentialit\u00e9"},"content":{"rendered":"<p>[vc_row css=\u00a0\u00bb.vc_custom_1768981663638{padding-top: 80px !important;padding-bottom: 80px !important;}\u00a0\u00bb][vc_column width=\u00a0\u00bb1\/6&Prime;][\/vc_column][vc_column width=\u00a0\u00bb2\/3&Prime;][vc_single_image image=\u00a0\u00bb3564&Prime; alignment=\u00a0\u00bbcenter\u00a0\u00bb][vc_column_text]<\/p>\n<h2>Politique de confidentialit\u00e9<\/h2>\n<p>Chez Tomates del Guadiana, S. Coop. Nous nous engageons \u00e0 garantir la protection et la non-utilisation abusive de vos informations personnelles. En nous fournissant vos informations personnelles et en utilisant notre site web, nous consid\u00e9rons que vous avez lu et compris les conditions relatives \u00e0 la protection des donn\u00e9es personnelles \u00e9nonc\u00e9es ci-dessous.<\/p>\n<h2>Qui est responsable du traitement de vos donn\u00e9es ?<\/h2>\n<p>Tomates del Guadiana, S. Coop. Num\u00e9ro d&rsquo;identification fiscale : F06351530<br \/>Adresse : Ctra. Yelbes, s\/n. 06410 \u2013 Santa Amalia.<br \/>T\u00e9l\u00e9phone : 924820011<br \/>Courriel : tomatedelguadiana@tomatesdelguadiana.com<br \/>Vous pouvez nous contacter comme vous le souhaitez.<\/p>\n<h2>De quelles informations s&rsquo;agit-il ?<\/h2>\n<p>Le type d&rsquo;informations que nous recueillons d\u00e9pendra des circonstances et des services que vous utilisez. De mani\u00e8re g\u00e9n\u00e9rale, nous recueillons des informations vous concernant de la mani\u00e8re suivante :<br \/>Identification et coordonn\u00e9es : Nous recueillons vos informations d\u2019identification et vos coordonn\u00e9es lorsque vous vous inscrivez sur notre site web, lorsque vous souscrivez \u00e0 nos services ou achetez nos produits, lorsque vous nous demandez des informations par courriel, lorsque vous vous abonnez \u00e0 nos lettres d\u2019information, lorsque vous nous envoyez une demande de renseignements ou lorsque vous souhaitez collaborer avec nous.<\/p>\n<h2>Dans quel but recueillons-nous vos renseignements personnels?<\/h2>\n<p>Voici les principaux objectifs que nous avons identifi\u00e9s :<br \/>\u2013 Respect des obligations l\u00e9gales.<br \/>\u2013 Gestion des contrats de produits propos\u00e9s par Tomates del Guadiana, S. Coop.<br \/>\u2013 Traitement des demandes d\u2019information, suggestions et r\u00e9clamations, en vue de leur gestion et de leur r\u00e9solution.<br \/>\u2013 Gestion du recrutement du personnel.<\/p>\n<h2>Quel est le fondement juridique du traitement de vos donn\u00e9es ?<\/h2>\n<p>Nous traitons vos donn\u00e9es personnelles sur la base de plusieurs fondements juridiques :<br \/>\u2013 Pour l\u2019ex\u00e9cution d\u2019un contrat et\/ou d\u2019une relation pr\u00e9contractuelle.<br \/>\u2013 Pour le respect de nos obligations l\u00e9gales.<\/p>\n<h2>\u00c0 qui vos donn\u00e9es seront-elles communiqu\u00e9es ?<\/h2>\n<p>Vos donn\u00e9es ne seront pas partag\u00e9es avec des tiers, sauf obligation l\u00e9gale.<br \/>Plus pr\u00e9cis\u00e9ment, elles seront partag\u00e9es avec l&rsquo;Agence fiscale espagnole et avec les banques et \u00e9tablissements financiers pour le recouvrement des paiements relatifs au service fourni ou au produit achet\u00e9, ainsi qu&rsquo;avec les sous-traitants n\u00e9cessaires \u00e0 l&rsquo;ex\u00e9cution du contrat.<br \/>En cas d&rsquo;achat ou de paiement via une application web, une plateforme, une carte bancaire ou tout autre service en ligne, vos donn\u00e9es seront partag\u00e9es avec cette plateforme ou trait\u00e9es au sein de son environnement, toujours dans le respect des normes de s\u00e9curit\u00e9 les plus strictes.<br \/>Nous utilisons certaines applications impliquant un transfert international de donn\u00e9es vers les \u00c9tats-Unis. Cela ne sera fait qu&rsquo;aux entit\u00e9s qui auront d\u00e9montr\u00e9 et se seront engag\u00e9es, par le biais de clauses contractuelles types (CCT), \u00e0 respecter le niveau de protection et de garanties conform\u00e9ment aux param\u00e8tres et exigences pr\u00e9vus par la r\u00e9glementation europ\u00e9enne en vigueur sur la protection des donn\u00e9es, telle que le R\u00e8glement europ\u00e9en, ou lorsqu&rsquo;il existe une autorisation l\u00e9gale pour effectuer le transfert international.<\/p>\n<h2>Trait-on des donn\u00e9es de mineurs ?<\/h2>\n<p>Nous ne traitons pas les donn\u00e9es des enfants de moins de 14 ans ; par cons\u00e9quent, veuillez vous abstenir de les fournir si vous n&rsquo;avez pas cet \u00e2ge.<\/p>\n<h2>Quelles mesures de s\u00e9curit\u00e9 appliquons-nous ?<\/h2>\n<p>Soyez assur\u00e9s que nous avons adopt\u00e9 un niveau de protection optimal pour les donn\u00e9es personnelles que nous traitons et que nous avons mis en place tous les moyens et mesures techniques \u00e0 notre disposition, conform\u00e9ment \u00e0 l&rsquo;\u00e9tat de la technologie, afin de pr\u00e9venir la perte, l&rsquo;utilisation abusive, l&rsquo;alt\u00e9ration, l&rsquo;acc\u00e8s non autoris\u00e9 et le vol des donn\u00e9es personnelles.<\/p>\n<h2>Quels sont vos droits en mati\u00e8re de traitement des donn\u00e9es ?<\/h2>\n<p>Droit d&rsquo;acc\u00e8s au contenu<br \/>ACC\u00c8S<br \/>Vous pouvez consulter vos donn\u00e9es personnelles contenues dans nos fichiers.<\/p>\n<p>RECTIFICATION<br \/>Vous pouvez modifier vos donn\u00e9es personnelles lorsqu&rsquo;elles sont inexactes.<\/p>\n<p>SUPPRESSION<br \/>Vous pouvez demander la suppression de vos donn\u00e9es personnelles.<\/p>\n<p>OBJECTION<br \/>Vous pouvez demander \u00e0 ce que vos donn\u00e9es personnelles ne soient pas trait\u00e9es.<\/p>\n<p>LIMITATION DU TRAITEMENT<br \/>Vous pouvez demander la limitation du traitement de vos donn\u00e9es dans les cas suivants :<br \/>\u2013 Pendant la v\u00e9rification de l\u2019exactitude de vos donn\u00e9es.<br \/>\u2013 Lorsque le traitement est illicite, mais que vous vous opposez \u00e0 l\u2019effacement de vos donn\u00e9es.<br \/>\u2013 Lorsque le responsable du traitement n\u2019a plus besoin de traiter vos donn\u00e9es, mais que vous en avez besoin pour la constatation, l\u2019exercice ou la d\u00e9fense de droits en justice.<br \/>\u2013 Lorsque vous vous \u00eates oppos\u00e9 au traitement de vos donn\u00e9es pour l\u2019ex\u00e9cution d\u2019une mission d\u2019int\u00e9r\u00eat public ou aux fins des int\u00e9r\u00eats l\u00e9gitimes poursuivis par le responsable du traitement, dans l\u2019attente de la v\u00e9rification du caract\u00e8re pr\u00e9pond\u00e9rant des motifs l\u00e9gitimes du traitement par rapport \u00e0 vos int\u00e9r\u00eats.<\/p>\n<p>PORTABILIT\u00c9<br \/>Vous pourrez recevoir, au format \u00e9lectronique, les donn\u00e9es personnelles que vous nous avez fournies, et les transmettre \u00e0 un autre organisme.<\/p>\n<p>Tomates del Guadiana, S. Coop.  ou envoy\u00e9e par courrier postal ou \u00e9lectronique aux adresses indiqu\u00e9es dans la section \u00ab Responsable du traitement des donn\u00e9es \u00bb.<br \/>Vous avez le droit de d\u00e9poser une plainte aupr\u00e8s de l\u2019Agence espagnole de protection des donn\u00e9es si vous estimez que vos droits n\u2019ont pas \u00e9t\u00e9 respect\u00e9s.<br \/>Le d\u00e9lai de r\u00e9ponse maximal est d\u2019un mois \u00e0 compter de la r\u00e9ception de votre demande.<br \/>Si vos informations changent, veuillez nous en informer par \u00e9crit afin que nous puissions mettre \u00e0 jour vos dossiers.<\/p>\n<h2>Combien de temps conserverons-nous vos donn\u00e9es personnelles ?<\/h2>\n<p>Vos donn\u00e9es personnelles seront conserv\u00e9es tant que vous resterez client.<br \/>Une fois votre relation avec nous termin\u00e9e, les donn\u00e9es personnelles trait\u00e9es pour chaque finalit\u00e9 seront conserv\u00e9es pendant les dur\u00e9es l\u00e9gales requises, y compris la p\u00e9riode pendant laquelle un juge ou un tribunal pourrait les exiger, en tenant compte du d\u00e9lai de prescription applicable aux actions en justice.<br \/>Nous conserverons toutes les informations et communications relatives \u00e0 votre achat ou \u00e0 la fourniture de notre service pendant toute la dur\u00e9e des garanties du produit ou du service, afin de pouvoir traiter toute r\u00e9clamation \u00e9ventuelle.<br \/>[\/vc_column_text][\/vc_column][vc_column width=\u00a0\u00bb1\/6&Prime;][\/vc_column][\/vc_row][vc_row css=\u00a0\u00bb.vc_custom_1768907452717{margin-bottom: 0px !important;padding-bottom: 0px !important;background-image: url(http:\/\/tomatesdelguadiana.com\/wp-content\/uploads\/2026\/01\/trama-footer.png?id=3660) !important;background-position: 0 0 !important;background-repeat: no-repeat !important;}\u00a0\u00bb][vc_column css=\u00a0\u00bb.vc_custom_1768907583173{margin-bottom: 0px !important;padding-top: 30px !important;padding-bottom: 5px !important;}\u00a0\u00bb][\/vc_column][\/vc_row]<\/p>\n","protected":false},"excerpt":{"rendered":"<p>[vc_row css=\u00a0\u00bb.vc_custom_1768981663638{padding-top: 80px !important;padding-bottom: 80px !important;}\u00a0\u00bb][vc_column width=\u00a0\u00bb1\/6&Prime;][\/vc_column][vc_column width=\u00a0\u00bb2\/3&Prime;][vc_single_image image=\u00a0\u00bb3564&Prime; alignment=\u00a0\u00bbcenter\u00a0\u00bb][vc_column_text] Politique de confidentialit\u00e9 Chez Tomates del Guadiana, S. Coop. Nous nous engageons \u00e0 garantir la protection et la non-utilisation abusive de vos informations personnelles. En nous fournissant vos informations personnelles et en utilisant notre site web, nous consid\u00e9rons que vous avez lu et compris les [&hellip;]<\/p>\n","protected":false},"author":1,"featured_media":0,"parent":0,"menu_order":0,"comment_status":"closed","ping_status":"closed","template":"","meta":{"footnotes":""},"class_list":["post-4262","page","type-page","status-publish","hentry"],"_links":{"self":[{"href":"https:\/\/tomatesdelguadiana.com\/fr\/wp-json\/wp\/v2\/pages\/4262","targetHints":{"allow":["GET"]}}],"collection":[{"href":"https:\/\/tomatesdelguadiana.com\/fr\/wp-json\/wp\/v2\/pages"}],"about":[{"href":"https:\/\/tomatesdelguadiana.com\/fr\/wp-json\/wp\/v2\/types\/page"}],"author":[{"embeddable":true,"href":"https:\/\/tomatesdelguadiana.com\/fr\/wp-json\/wp\/v2\/users\/1"}],"replies":[{"embeddable":true,"href":"https:\/\/tomatesdelguadiana.com\/fr\/wp-json\/wp\/v2\/comments?post=4262"}],"version-history":[{"count":0,"href":"https:\/\/tomatesdelguadiana.com\/fr\/wp-json\/wp\/v2\/pages\/4262\/revisions"}],"wp:attachment":[{"href":"https:\/\/tomatesdelguadiana.com\/fr\/wp-json\/wp\/v2\/media?parent=4262"}],"curies":[{"name":"wp","href":"https:\/\/api.w.org\/{rel}","templated":true}]}}