{"id":4276,"date":"2026-01-20T11:34:58","date_gmt":"2026-01-20T10:34:58","guid":{"rendered":"http:\/\/tomatesdelguadiana.com\/qui-nous-sommes\/"},"modified":"2026-03-24T11:00:52","modified_gmt":"2026-03-24T10:00:52","slug":"qui-nous-sommes","status":"publish","type":"page","link":"https:\/\/tomatesdelguadiana.com\/fr\/qui-nous-sommes\/","title":{"rendered":"Qui nous sommes"},"content":{"rendered":"<p>[vc_row css=\u00a0\u00bb.vc_custom_1768906398751{padding-top: 80px !important;padding-bottom: 80px !important;}\u00a0\u00bb][vc_column width=\u00a0\u00bb1\/2&Prime;][vc_column_text css=\u00a0\u00bb.vc_custom_1774346332791{padding-top: 50px !important;}\u00a0\u00bb]<strong>Tomates del Guadiana<\/strong> est une coop\u00e9rative cr\u00e9\u00e9e dans le but principal de permettre \u00e0 ses producteurs d&rsquo;effectuer la premi\u00e8re transformation des fruits. Compos\u00e9e de plus d&rsquo;une centaine d&rsquo;agriculteurs dont la culture traditionnelle est la tomate, notre entreprise r\u00e9pond efficacement aux besoins de ses membres\u00a0: \u00eatre \u00e0 la pointe de la technologie et de l&rsquo;initiative, et commercialiser nos produits sur de nouveaux march\u00e9s o\u00f9 ils peuvent \u00eatre comp\u00e9titifs gr\u00e2ce \u00e0 leur haute qualit\u00e9.<\/p>\n<p>Notre usine, con\u00e7ue et construite selon les normes technologiques les plus modernes en mati\u00e8re de transformation de la tomate, a d\u00e9marr\u00e9 ses activit\u00e9s en juin 2002. Gr\u00e2ce \u00e0 cela, <strong>Tomates del Guadiana<\/strong> b\u00e9n\u00e9ficie d&rsquo;une excellente capacit\u00e9 de production et d&rsquo;une qualit\u00e9 optimale dans son secteur, renfor\u00e7ant ainsi sa comp\u00e9titivit\u00e9.[\/vc_column_text][\/vc_column][vc_column width=\u00a0\u00bb1\/2&Prime;][vc_single_image image=\u00a0\u00bb3687&Prime;][\/vc_column][\/vc_row][vc_row css=\u00a0\u00bb.vc_custom_1768911967609{padding-top: 100px !important;padding-bottom: 100px !important;background-color: #f7f7f7 !important;}\u00a0\u00bb][vc_column width=\u00a0\u00bb2\/3&Prime;][vc_raw_html]JTNDdmlkZW8lMjBjb250cm9scyUyMHdpZHRoJTNEJTIyMTAwJTI1JTIyJTNFJTBBJTIwJTIwJTNDc291cmNlJTIwc3JjJTNEJTIyJTJGdmlkZW9fd2ViLm1wNCUyMiUyMHR5cGUlM0QlMjJ2aWRlbyUyRm1wNCUyMiUzRSUwQSUyMCUyMFR1JTIwbmF2ZWdhZG9yJTIwbm8lMjBzb3BvcnRhJTIwdmlkZW8lMjBIVE1MNS4lMEElM0MlMkZ2aWRlbyUzRQ==[\/vc_raw_html][\/vc_column][vc_column width=\u00a0\u00bb1\/3&Prime; css=\u00a0\u00bb.vc_custom_1768906016730{padding-top: 100px !important;}\u00a0\u00bb][vc_single_image image=\u00a0\u00bb3564&Prime; alignment=\u00a0\u00bbcenter\u00a0\u00bb]<style>.ld_fancy_heading_69f2adb31e380 h2 {margin-bottom:0.35em !important;  } .ld_fancy_heading_69f2adb31e380 .lqd-highlight-inner{height:0.275em!important;bottom:0px!important;}.ld_fancy_heading_69f2adb31e380 h2 {margin-bottom:0.35em !important;  } <\/style><div class=\"ld-fancy-heading text-center ld_fancy_heading_69f2adb31e380\">\n\t<h2 class=\"ld-fh-element lqd-highlight-underline lqd-highlight-grow-left text-decoration-default\"   >  Vid\u00e9o a\u00e9rienne des Tomates de Guadiana<\/h2><\/div>[\/vc_column][\/vc_row][vc_row css=\u00a0\u00bb.vc_custom_1768906767528{padding-top: 80px !important;padding-bottom: 80px !important;}\u00a0\u00bb][vc_column]<style>.ld_fancy_heading_69f2adb31e9bc h2 {margin-bottom:0.35em !important;  } .ld_fancy_heading_69f2adb31e9bc .ld-fh-underline{height:5px;background:rgb(0, 162, 81);}.ld_fancy_heading_69f2adb31e9bc h2 {margin-bottom:0.35em !important;  } .ld_fancy_heading_69f2adb31e9bc .lqd-highlight-inner{height:0.275em!important;bottom:0px!important;}.ld_fancy_heading_69f2adb31e9bc h2 {margin-bottom:0.35em !important;  } <\/style><div class=\"ld-fancy-heading text-left ld_fancy_heading_69f2adb31e9bc\">\n\t<h2 class=\"ld-fh-element lqd-highlight-underline lqd-highlight-grow-left text-decoration-default\"   > <span class=\"ld-fh-underline\"><\/span> Voici comment nous avons \u00e9volu\u00e9 ces derni\u00e8res ann\u00e9es<\/h2><\/div>[\/vc_column][\/vc_row][vc_row css=\u00a0\u00bb.vc_custom_1768907224334{margin-bottom: 80px !important;}\u00a0\u00bb][vc_column width=\u00a0\u00bb1\/3&Prime;][vc_single_image image=\u00a0\u00bb3703&Prime; onclick=\u00a0\u00bblink_image\u00a0\u00bb][\/vc_column][vc_column width=\u00a0\u00bb1\/3&Prime;][vc_single_image image=\u00a0\u00bb3702&Prime; onclick=\u00a0\u00bblink_image\u00a0\u00bb][\/vc_column][vc_column width=\u00a0\u00bb1\/3&Prime;][vc_single_image image=\u00a0\u00bb3701&Prime; onclick=\u00a0\u00bblink_image\u00a0\u00bb][\/vc_column][\/vc_row][vc_row css=\u00a0\u00bb.vc_custom_1768907203599{padding-bottom: 100px !important;}\u00a0\u00bb][vc_column width=\u00a0\u00bb1\/3&Prime;][vc_single_image image=\u00a0\u00bb3700&Prime; onclick=\u00a0\u00bblink_image\u00a0\u00bb][\/vc_column][vc_column width=\u00a0\u00bb1\/3&Prime;][vc_single_image image=\u00a0\u00bb3699&Prime; onclick=\u00a0\u00bblink_image\u00a0\u00bb][\/vc_column][vc_column width=\u00a0\u00bb1\/3&Prime;][vc_single_image image=\u00a0\u00bb3698&Prime; onclick=\u00a0\u00bblink_image\u00a0\u00bb][\/vc_column][\/vc_row][vc_row css=\u00a0\u00bb.vc_custom_1768907452717{margin-bottom: 0px !important;padding-bottom: 0px !important;background-image: url(http:\/\/tomatesdelguadiana.com\/wp-content\/uploads\/2026\/01\/trama-footer.png?id=3660) !important;background-position: 0 0 !important;background-repeat: no-repeat !important;}\u00a0\u00bb][vc_column css=\u00a0\u00bb.vc_custom_1768907583173{margin-bottom: 0px !important;padding-top: 30px !important;padding-bottom: 5px !important;}\u00a0\u00bb][\/vc_column][\/vc_row]<\/p>\n","protected":false},"excerpt":{"rendered":"<p>[vc_row css=\u00a0\u00bb.vc_custom_1768906398751{padding-top: 80px !important;padding-bottom: 80px !important;}\u00a0\u00bb][vc_column width=\u00a0\u00bb1\/2&Prime;][vc_column_text css=\u00a0\u00bb.vc_custom_1774346332791{padding-top: 50px !important;}\u00a0\u00bb]Tomates del Guadiana est une coop\u00e9rative cr\u00e9\u00e9e dans le but principal de permettre \u00e0 ses producteurs d&rsquo;effectuer la premi\u00e8re transformation des fruits. Compos\u00e9e de plus d&rsquo;une centaine d&rsquo;agriculteurs dont la culture traditionnelle est la tomate, notre entreprise r\u00e9pond efficacement aux besoins de ses membres\u00a0: \u00eatre \u00e0 [&hellip;]<\/p>\n","protected":false},"author":1,"featured_media":0,"parent":0,"menu_order":0,"comment_status":"closed","ping_status":"closed","template":"","meta":{"footnotes":""},"class_list":["post-4276","page","type-page","status-publish","hentry"],"_links":{"self":[{"href":"https:\/\/tomatesdelguadiana.com\/fr\/wp-json\/wp\/v2\/pages\/4276","targetHints":{"allow":["GET"]}}],"collection":[{"href":"https:\/\/tomatesdelguadiana.com\/fr\/wp-json\/wp\/v2\/pages"}],"about":[{"href":"https:\/\/tomatesdelguadiana.com\/fr\/wp-json\/wp\/v2\/types\/page"}],"author":[{"embeddable":true,"href":"https:\/\/tomatesdelguadiana.com\/fr\/wp-json\/wp\/v2\/users\/1"}],"replies":[{"embeddable":true,"href":"https:\/\/tomatesdelguadiana.com\/fr\/wp-json\/wp\/v2\/comments?post=4276"}],"version-history":[{"count":3,"href":"https:\/\/tomatesdelguadiana.com\/fr\/wp-json\/wp\/v2\/pages\/4276\/revisions"}],"predecessor-version":[{"id":4733,"href":"https:\/\/tomatesdelguadiana.com\/fr\/wp-json\/wp\/v2\/pages\/4276\/revisions\/4733"}],"wp:attachment":[{"href":"https:\/\/tomatesdelguadiana.com\/fr\/wp-json\/wp\/v2\/media?parent=4276"}],"curies":[{"name":"wp","href":"https:\/\/api.w.org\/{rel}","templated":true}]}}