{"id":4410,"date":"2026-01-20T11:34:58","date_gmt":"2026-01-20T10:34:58","guid":{"rendered":"http:\/\/tomatesdelguadiana.com\/chi-siamo\/"},"modified":"2026-03-24T11:25:04","modified_gmt":"2026-03-24T10:25:04","slug":"chi-siamo","status":"publish","type":"page","link":"https:\/\/tomatesdelguadiana.com\/it\/chi-siamo\/","title":{"rendered":"Chi siamo"},"content":{"rendered":"<p>[vc_row css=&#8221;.vc_custom_1768906398751{padding-top: 80px !important;padding-bottom: 80px !important;}&#8221;][vc_column width=&#8221;1\/2&#8243;][vc_column_text css=&#8221;.vc_custom_1774347869275{padding-top: 50px !important;}&#8221;]<strong>Tomates del Guadiana<\/strong> \u00e8 una cooperativa nata con l&#8217;obiettivo primario di consentire ai propri produttori di effettuare la trasformazione iniziale del frutto. Composta da oltre cento agricoltori la cui coltura tradizionale \u00e8 il pomodoro, la nostra azienda risponde efficacemente alle esigenze dei suoi soci: essere all&#8217;avanguardia nella tecnologia e nell&#8217;iniziativa, portando i nostri prodotti in nuovi mercati dove possano competere grazie alla loro alta qualit\u00e0.<\/p>\n<p>Il nostro stabilimento ha iniziato le attivit\u00e0 nel giugno 2002, progettato e costruito secondo i pi\u00f9 moderni standard tecnologici per la lavorazione del pomodoro. Questo permette a <strong>Tomates del Guadiana<\/strong> di raggiungere un&#8217;eccellente capacit\u00e0 produttiva e la massima qualit\u00e0 nel suo settore, aumentando cos\u00ec la propria competitivit\u00e0.[\/vc_column_text][\/vc_column][vc_column width=&#8221;1\/2&#8243;][vc_single_image image=&#8221;3687&#8243;][\/vc_column][\/vc_row][vc_row css=&#8221;.vc_custom_1768911967609{padding-top: 100px !important;padding-bottom: 100px !important;background-color: #f7f7f7 !important;}&#8221;][vc_column width=&#8221;2\/3&#8243;][vc_raw_html]JTNDdmlkZW8lMjBjb250cm9scyUyMHdpZHRoJTNEJTIyMTAwJTI1JTIyJTNFJTBBJTIwJTIwJTNDc291cmNlJTIwc3JjJTNEJTIyJTJGdmlkZW9fd2ViLm1wNCUyMiUyMHR5cGUlM0QlMjJ2aWRlbyUyRm1wNCUyMiUzRSUwQSUyMCUyMFR1JTIwbmF2ZWdhZG9yJTIwbm8lMjBzb3BvcnRhJTIwdmlkZW8lMjBIVE1MNS4lMEElM0MlMkZ2aWRlbyUzRQ==[\/vc_raw_html][\/vc_column][vc_column width=&#8221;1\/3&#8243; css=&#8221;.vc_custom_1768906016730{padding-top: 100px !important;}&#8221;][vc_single_image image=&#8221;3564&#8243; alignment=&#8221;center&#8221;]<style>.ld_fancy_heading_69d0d13fb24ef h2 {margin-bottom:0.35em !important;  } .ld_fancy_heading_69d0d13fb24ef .lqd-highlight-inner{height:0.275em!important;bottom:0px!important;}.ld_fancy_heading_69d0d13fb24ef h2 {margin-bottom:0.35em !important;  } <\/style><div class=\"ld-fancy-heading text-center ld_fancy_heading_69d0d13fb24ef\">\n\t<h2 class=\"ld-fh-element lqd-highlight-underline lqd-highlight-grow-left text-decoration-default\"   >  Video aereo dei Tomates del Guadiana<\/h2><\/div>[\/vc_column][\/vc_row][vc_row css=&#8221;.vc_custom_1768906767528{padding-top: 80px !important;padding-bottom: 80px !important;}&#8221;][vc_column]<style>.ld_fancy_heading_69d0d13fb2ac4 h2 {margin-bottom:0.35em !important;  } .ld_fancy_heading_69d0d13fb2ac4 .ld-fh-underline{height:5px;background:rgb(0, 162, 81);}.ld_fancy_heading_69d0d13fb2ac4 h2 {margin-bottom:0.35em !important;  } .ld_fancy_heading_69d0d13fb2ac4 .lqd-highlight-inner{height:0.275em!important;bottom:0px!important;}.ld_fancy_heading_69d0d13fb2ac4 h2 {margin-bottom:0.35em !important;  } <\/style><div class=\"ld-fancy-heading text-left ld_fancy_heading_69d0d13fb2ac4\">\n\t<h2 class=\"ld-fh-element lqd-highlight-underline lqd-highlight-grow-left text-decoration-default\"   > <span class=\"ld-fh-underline\"><\/span> Ecco come siamo cresciuti negli ultimi anni<\/h2><\/div>[\/vc_column][\/vc_row][vc_row css=&#8221;.vc_custom_1768907224334{margin-bottom: 80px !important;}&#8221;][vc_column width=&#8221;1\/3&#8243;][vc_single_image image=&#8221;3703&#8243; onclick=&#8221;link_image&#8221;][\/vc_column][vc_column width=&#8221;1\/3&#8243;][vc_single_image image=&#8221;3702&#8243; onclick=&#8221;link_image&#8221;][\/vc_column][vc_column width=&#8221;1\/3&#8243;][vc_single_image image=&#8221;3701&#8243; onclick=&#8221;link_image&#8221;][\/vc_column][\/vc_row][vc_row css=&#8221;.vc_custom_1768907203599{padding-bottom: 100px !important;}&#8221;][vc_column width=&#8221;1\/3&#8243;][vc_single_image image=&#8221;3700&#8243; onclick=&#8221;link_image&#8221;][\/vc_column][vc_column width=&#8221;1\/3&#8243;][vc_single_image image=&#8221;3699&#8243; onclick=&#8221;link_image&#8221;][\/vc_column][vc_column width=&#8221;1\/3&#8243;][vc_single_image image=&#8221;3698&#8243; onclick=&#8221;link_image&#8221;][\/vc_column][\/vc_row][vc_row css=&#8221;.vc_custom_1768907452717{margin-bottom: 0px !important;padding-bottom: 0px !important;background-image: url(http:\/\/tomatesdelguadiana.com\/wp-content\/uploads\/2026\/01\/trama-footer.png?id=3660) !important;background-position: 0 0 !important;background-repeat: no-repeat !important;}&#8221;][vc_column css=&#8221;.vc_custom_1768907583173{margin-bottom: 0px !important;padding-top: 30px !important;padding-bottom: 5px !important;}&#8221;][\/vc_column][\/vc_row]<\/p>\n","protected":false},"excerpt":{"rendered":"<p>[vc_row css=&#8221;.vc_custom_1768906398751{padding-top: 80px !important;padding-bottom: 80px !important;}&#8221;][vc_column width=&#8221;1\/2&#8243;][vc_column_text css=&#8221;.vc_custom_1774347869275{padding-top: 50px !important;}&#8221;]Tomates del Guadiana \u00e8 una cooperativa nata con l&#8217;obiettivo primario di consentire ai propri produttori di effettuare la trasformazione iniziale del frutto. Composta da oltre cento agricoltori la cui coltura tradizionale \u00e8 il pomodoro, la nostra azienda risponde efficacemente alle esigenze dei suoi soci: essere all&#8217;avanguardia [&hellip;]<\/p>\n","protected":false},"author":1,"featured_media":0,"parent":0,"menu_order":0,"comment_status":"closed","ping_status":"closed","template":"","meta":{"footnotes":""},"class_list":["post-4410","page","type-page","status-publish","hentry"],"_links":{"self":[{"href":"https:\/\/tomatesdelguadiana.com\/it\/wp-json\/wp\/v2\/pages\/4410","targetHints":{"allow":["GET"]}}],"collection":[{"href":"https:\/\/tomatesdelguadiana.com\/it\/wp-json\/wp\/v2\/pages"}],"about":[{"href":"https:\/\/tomatesdelguadiana.com\/it\/wp-json\/wp\/v2\/types\/page"}],"author":[{"embeddable":true,"href":"https:\/\/tomatesdelguadiana.com\/it\/wp-json\/wp\/v2\/users\/1"}],"replies":[{"embeddable":true,"href":"https:\/\/tomatesdelguadiana.com\/it\/wp-json\/wp\/v2\/comments?post=4410"}],"version-history":[{"count":6,"href":"https:\/\/tomatesdelguadiana.com\/it\/wp-json\/wp\/v2\/pages\/4410\/revisions"}],"predecessor-version":[{"id":4741,"href":"https:\/\/tomatesdelguadiana.com\/it\/wp-json\/wp\/v2\/pages\/4410\/revisions\/4741"}],"wp:attachment":[{"href":"https:\/\/tomatesdelguadiana.com\/it\/wp-json\/wp\/v2\/media?parent=4410"}],"curies":[{"name":"wp","href":"https:\/\/api.w.org\/{rel}","templated":true}]}}