{"id":4495,"date":"2026-01-21T08:54:58","date_gmt":"2026-01-21T07:54:58","guid":{"rendered":"http:\/\/tomatesdelguadiana.com\/%e3%82%af%e3%83%83%e3%82%ad%e3%83%bc%e3%83%9d%e3%83%aa%e3%82%b7%e3%83%bc\/"},"modified":"2026-01-21T08:54:58","modified_gmt":"2026-01-21T07:54:58","slug":"%e3%82%af%e3%83%83%e3%82%ad%e3%83%bc%e3%83%9d%e3%83%aa%e3%82%b7%e3%83%bc","status":"publish","type":"page","link":"https:\/\/tomatesdelguadiana.com\/ja\/%e3%82%af%e3%83%83%e3%82%ad%e3%83%bc%e3%83%9d%e3%83%aa%e3%82%b7%e3%83%bc\/","title":{"rendered":"\u30af\u30c3\u30ad\u30fc\u30dd\u30ea\u30b7\u30fc"},"content":{"rendered":"<p>[vc_row css=&#8221;.vc_custom_1768981663638{padding-top: 80px !important;padding-bottom: 80px !important;}&#8221;][vc_column width=&#8221;1\/6&#8243;][\/vc_column][vc_column width=&#8221;2\/3&#8243;][vc_single_image image=&#8221;3564&#8243; alignment=&#8221;center&#8221;][vc_column_text]\u30c7\u30fc\u30bf\u7ba1\u7406\u8005: <strong>Tomates del Guadiana\u3001S. Coop\u3002<\/strong><\/p>\n<h2>\u30af\u30c3\u30ad\u30fc\u30dd\u30ea\u30b7\u30fc:<\/h2>\n<p>2002\u5e747\u670811\u65e5\u4ed8\u60c5\u5831\u793e\u4f1a\u30b5\u30fc\u30d3\u30b9\u53ca\u3073\u96fb\u5b50\u5546\u53d6\u5f15\u306b\u95a2\u3059\u308b\u6cd5\u5f8b\u7b2c34\/2002\u53f7\u306b\u57fa\u3065\u304d\u3001\u672c\u30a6\u30a7\u30d6\u30b5\u30a4\u30c8\u306f\u30e6\u30fc\u30b6\u30fc\u30a8\u30af\u30b9\u30da\u30ea\u30a8\u30f3\u30b9\u306e\u5411\u4e0a\u3068\u6700\u9069\u5316\u306e\u305f\u3081\u306bCookie\u3092\u4f7f\u7528\u3057\u3066\u3044\u307e\u3059\u3002\u4ee5\u4e0b\u3067\u306f\u3001Cookie\u3068\u306f\u4f55\u304b\u3001\u672c\u30a6\u30a7\u30d6\u30b5\u30a4\u30c8\u304c\u4f7f\u7528\u3059\u308bCookie\u306e\u7a2e\u985e\u3001Cookie\u8a2d\u5b9a\u306e\u5909\u66f4\u65b9\u6cd5\u3001\u305d\u3057\u3066Cookie\u3092\u7121\u52b9\u306b\u3057\u305f\u5834\u5408\u306e\u5f71\u97ff\u306b\u3064\u3044\u3066\u8a73\u3057\u304f\u8aac\u660e\u3044\u305f\u3057\u307e\u3059\u3002 <\/p>\n<h2>\u30af\u30c3\u30ad\u30fc\u3068\u306f\u4f55\u3067\u3059\u304b?<\/h2>\n<p>\u30af\u30c3\u30ad\u30fc\u3068\u306f\u3001\u7279\u5b9a\u306e\u30a6\u30a7\u30d6\u30da\u30fc\u30b8\u306b\u30a2\u30af\u30bb\u30b9\u3057\u305f\u969b\u306b\u30b3\u30f3\u30d4\u30e5\u30fc\u30bf\u306b\u30c0\u30a6\u30f3\u30ed\u30fc\u30c9\u3055\u308c\u308b\u30d5\u30a1\u30a4\u30eb\u3067\u3059\u3002\u30af\u30c3\u30ad\u30fc\u306f\u3001\u30a6\u30a7\u30d6\u30b5\u30a4\u30c8\u304c\u30e6\u30fc\u30b6\u30fc\u306e\u95b2\u89a7\u7fd2\u6163\u3084\u30c7\u30d0\u30a4\u30b9\u306b\u95a2\u3059\u308b\u60c5\u5831\u3092\u4fdd\u5b58\u30fb\u53d6\u5f97\u3059\u308b\u3053\u3068\u3092\u53ef\u80fd\u306b\u3057\u307e\u3059\u3002\u307e\u305f\u3001\u30af\u30c3\u30ad\u30fc\u306b\u542b\u307e\u308c\u308b\u60c5\u5831\u3084\u30c7\u30d0\u30a4\u30b9\u306e\u4f7f\u7528\u65b9\u6cd5\u306b\u3088\u3063\u3066\u306f\u3001\u30e6\u30fc\u30b6\u30fc\u3092\u8a8d\u8b58\u3059\u308b\u305f\u3081\u306b\u5229\u7528\u3055\u308c\u308b\u3053\u3068\u3082\u3042\u308a\u307e\u3059\u3002 <\/p>\n<h2>\u3069\u306e\u3088\u3046\u306a\u7a2e\u985e\u306e Cookie \u3092\u4f7f\u7528\u3057\u3066\u3044\u307e\u3059\u304b?<\/h2>\n<h5>\u2022 \u7ba1\u7406\u4e3b\u4f53\u306b\u5fdc\u3058\u3066:<\/h5>\n<p>\u30d5\u30a1\u30fc\u30b9\u30c8\u30d1\u30fc\u30c6\u30a3 Cookie: \u5f53\u793e\u306e\u30c7\u30d0\u30a4\u30b9\u307e\u305f\u306f\u30c9\u30e1\u30a4\u30f3\u304b\u3089\u304a\u5ba2\u69d8\u306e\u30c7\u30d0\u30a4\u30b9\u306b\u9001\u4fe1\u3055\u308c\u3001\u304a\u5ba2\u69d8\u304c\u8981\u6c42\u3057\u305f\u30b5\u30fc\u30d3\u30b9\u3092\u63d0\u4f9b\u3059\u308b\u305f\u3081\u306b\u4f7f\u7528\u3055\u308c\u307e\u3059\u3002<\/p>\n<p>\u30b5\u30fc\u30c9\u30d1\u30fc\u30c6\u30a3Cookie\uff1a\u3053\u308c\u3089\u306f\u3001\u5f53\u793e\u304c\u7ba1\u7406\u3059\u308b\u3082\u306e\u3067\u306f\u306a\u304f\u3001\u4ed6\u306e\u63d0\u643a\u7d44\u7e54\u306b\u3088\u3063\u3066\u7ba1\u7406\u3055\u308c\u3066\u3044\u308b\u30b3\u30f3\u30d4\u30e5\u30fc\u30bf\u30fc\u307e\u305f\u306f\u30c9\u30e1\u30a4\u30f3\u304b\u3089\u304a\u5ba2\u69d8\u306e\u30c7\u30d0\u30a4\u30b9\u306b\u9001\u4fe1\u3055\u308c\u308bCookie\u3067\u3059\u3002\u4f8b\u3068\u3057\u3066\u306f\u3001\u30bd\u30fc\u30b7\u30e3\u30eb\u30cd\u30c3\u30c8\u30ef\u30fc\u30af\u3084Google\u30de\u30c3\u30d7\u306a\u3069\u306e\u5916\u90e8\u30b3\u30f3\u30c6\u30f3\u30c4\u30d7\u30ed\u30d0\u30a4\u30c0\u30fc\u304c\u4f7f\u7528\u3059\u308bCookie\u304c\u6319\u3052\u3089\u308c\u307e\u3059\u3002 <\/p>\n<h5>\u2022 \u30a2\u30af\u30c6\u30a3\u30d6\u306a\u72b6\u614b\u304c\u7d9a\u304f\u6642\u9593\u306e\u9577\u3055\u306b\u5fdc\u3058\u3066:<\/h5>\n<p>\u30bb\u30c3\u30b7\u30e7\u30f3Cookie\uff1a\u3053\u308c\u306f\u4e00\u6642\u7684\u306aCookie\u3067\u3001\u30a6\u30a7\u30d6\u30b5\u30a4\u30c8\u3092\u96e2\u308c\u308b\u307e\u3067\u30d6\u30e9\u30a6\u30b6\u306eCookie\u30d5\u30a1\u30a4\u30eb\u306b\u6b8b\u308a\u307e\u3059\u3002\u305d\u306e\u305f\u3081\u3001\u30b3\u30f3\u30d4\u30e5\u30fc\u30bf\u306e\u30cf\u30fc\u30c9\u30c9\u30e9\u30a4\u30d6\u306b\u306f\u4fdd\u5b58\u3055\u308c\u307e\u305b\u3093\u3002\u3053\u308c\u3089\u306eCookie\u3092\u901a\u3058\u3066\u53d6\u5f97\u3055\u308c\u308b\u60c5\u5831\u306f\u3001\u30a6\u30a7\u30d6\u30b5\u30a4\u30c8\u306e\u30c8\u30e9\u30d5\u30a3\u30c3\u30af\u30d1\u30bf\u30fc\u30f3\u3092\u5206\u6790\u3059\u308b\u305f\u3081\u306b\u4f7f\u7528\u3055\u308c\u307e\u3059\u3002\u3053\u308c\u306b\u3088\u308a\u3001\u30b3\u30f3\u30c6\u30f3\u30c4\u3092\u6539\u5584\u3057\u3001\u3088\u308a\u4f7f\u3044\u3084\u3059\u304f\u3059\u308b\u3053\u3068\u3067\u3001\u3088\u308a\u826f\u3044\u30e6\u30fc\u30b6\u30fc\u30a8\u30af\u30b9\u30da\u30ea\u30a8\u30f3\u30b9\u3092\u63d0\u4f9b\u3067\u304d\u308b\u3088\u3046\u306b\u306a\u308a\u307e\u3059\u3002  <\/p>\n<p>\u6c38\u7d9a\u7684Cookie\uff1a\u3053\u308c\u3089\u306f\u304a\u5ba2\u69d8\u306e\u30cf\u30fc\u30c9\u30c9\u30e9\u30a4\u30d6\u306b\u4fdd\u5b58\u3055\u308c\u3001\u304a\u5ba2\u69d8\u304c\u30a6\u30a7\u30d6\u30b5\u30a4\u30c8\u306b\u30a2\u30af\u30bb\u30b9\u3059\u308b\u305f\u3073\u306b\u8aad\u307f\u8fbc\u307e\u308c\u307e\u3059\u3002\u6c38\u7d9a\u7684Cookie\u306b\u306f\u7279\u5b9a\u306e\u6709\u52b9\u671f\u9650\u304c\u3042\u308a\u3001\u6709\u52b9\u671f\u9650\u3092\u904e\u304e\u308b\u3068Cookie\u306f\u6a5f\u80fd\u3057\u306a\u304f\u306a\u308a\u307e\u3059\u3002\u5f53\u793e\u306f\u901a\u5e38\u3001\u767b\u9332\u30b5\u30fc\u30d3\u30b9\u3092\u5186\u6ed1\u306b\u9032\u3081\u308b\u305f\u3081\u306b\u3053\u308c\u3089\u306eCookie\u3092\u4f7f\u7528\u3057\u307e\u3059\u3002   <\/p>\n<h5>\u2022 \u76ee\u7684\u306b\u5fdc\u3058\u3066:<\/h5>\n<p>\u5fc5\u9808Cookie\uff1a\u3053\u308c\u3089\u306eCookie\u306f\u3001\u5f53\u793e\u306e\u30a6\u30a7\u30d6\u30b5\u30a4\u30c8\u3092\u9069\u5207\u306b\u95b2\u89a7\u3059\u308b\u305f\u3081\u306b\u4e0d\u53ef\u6b20\u3067\u3042\u308a\u3001\u30b3\u30f3\u30c6\u30f3\u30c4\u306e\u52b9\u7387\u7684\u306a\u8aad\u307f\u8fbc\u307f\u3092\u4fdd\u8a3c\u3057\u3001\u69d8\u3005\u306a\u30aa\u30d7\u30b7\u30e7\u30f3\u3084\u30b5\u30fc\u30d3\u30b9\u3092\u6b63\u3057\u304f\u5229\u7528\u3067\u304d\u308b\u3088\u3046\u306b\u3059\u308b\u305f\u3081\u306b\u5f79\u7acb\u3061\u307e\u3059\u3002\u3053\u308c\u306b\u306f\u3001\u30a6\u30a7\u30d6\u30b5\u30a4\u30c8\u306e\u30c8\u30e9\u30d5\u30a3\u30c3\u30af\u3084\u30da\u30fc\u30b8\u30d3\u30e5\u30fc\u3092\u8ffd\u8de1\u3059\u308b\u305f\u3081\u306e\u5206\u6790Cookie\u3068\u96c6\u7d04Cookie\u304c\u542b\u307e\u308c\u307e\u3059\u3002 <\/p>\n<p>\u5206\u6790\u3068\u6700\u9069\u5316: \u3053\u308c\u3089\u306e Cookie \u306f\u30d5\u30a1\u30fc\u30b9\u30c8\u30d1\u30fc\u30c6\u30a3\u307e\u305f\u306f\u30b5\u30fc\u30c9\u30d1\u30fc\u30c6\u30a3\u306e Cookie \u3067\u3042\u308a\u3001\u3053\u308c\u306b\u3088\u308a\u3001Web \u30b5\u30a4\u30c8\u306e\u30d1\u30d5\u30a9\u30fc\u30de\u30f3\u30b9\u3092\u8a55\u4fa1\u3057\u3001\u65b0\u3057\u3044\u6a5f\u80fd\u3092\u8ffd\u52a0\u3057\u3066\u6539\u5584\u3059\u308b\u3053\u3068\u3067\u3001Web \u30b5\u30a4\u30c8\u3067\u306e\u30a8\u30af\u30b9\u30da\u30ea\u30a8\u30f3\u30b9\u3092\u6700\u9069\u5316\u3067\u304d\u307e\u3059\u3002<\/p>\n<p>\u30d1\u30fc\u30bd\u30ca\u30e9\u30a4\u30bc\u30fc\u30b7\u30e7\u30f3\uff1a\u3053\u308c\u3089\u306eCookie\u306f\u3001\u30e6\u30fc\u30b6\u30fc\u306e\u597d\u307f\u3092\u4fdd\u5b58\u3057\u3001\u30b5\u30fc\u30d3\u30b9\u306e\u54c1\u8cea\u3092\u5411\u4e0a\u3055\u305b\u3001\u3088\u308a\u826f\u3044\u4f53\u9a13\u3092\u63d0\u4f9b\u3059\u308b\u3053\u3068\u3092\u53ef\u80fd\u306b\u3057\u307e\u3059\u3002\u4e00\u90e8\u306eCookie\u306f\u3001\u30de\u30eb\u30c1\u30c7\u30d0\u30a4\u30b9\u5bfe\u5fdc\u3067\u3059\u3002 <\/p>\n<p>\u884c\u52d5\u30bf\u30fc\u30b2\u30c6\u30a3\u30f3\u30b0\u5e83\u544a\uff1a\u3053\u308c\u3089\u306eCookie\u306f\u3001\u7d99\u7d9a\u7684\u306a\u89b3\u5bdf\u3092\u901a\u3058\u3066\u5f97\u3089\u308c\u305f\u30e6\u30fc\u30b6\u30fc\u884c\u52d5\u306b\u95a2\u3059\u308b\u60c5\u5831\u3092\u4fdd\u5b58\u3059\u308b\u305f\u3081\u306b\u4f7f\u7528\u3055\u308c\u307e\u3059\u3002\u3053\u308c\u306b\u3088\u308a\u3001\u5f53\u793e\u306f\u30a6\u30a7\u30d6\u30b5\u30a4\u30c8\u306b\u304a\u3051\u308b\u95b2\u89a7\u7fd2\u6163\u3092\u628a\u63e1\u3057\u3001\u304a\u5ba2\u69d8\u306e\u95b2\u89a7\u30d7\u30ed\u30d5\u30a1\u30a4\u30eb\u306b\u95a2\u9023\u3059\u308b\u5e83\u544a\u3092\u8868\u793a\u3059\u308b\u3053\u3068\u304c\u3067\u304d\u307e\u3059\u3002 <\/p>\n<p>\u8a55\u4fa1: \u9867\u5ba2\u30ec\u30d3\u30e5\u30fc\u304c\u9069\u5207\u306b\u6a5f\u80fd\u3059\u308b\u305f\u3081\u306b\u533f\u540d\u306e\u8b58\u5225\u5b50\u3092\u751f\u6210\u3057\u307e\u3059\u3002<\/p>\n<p>\u30af\u30c3\u30ad\u30fc\u306e\u8ee2\u9001: \u3053\u308c\u3089\u306e\u30af\u30c3\u30ad\u30fc\u306b\u3088\u308a\u3001\u884c\u52d5\u30bf\u30fc\u30b2\u30c6\u30a3\u30f3\u30b0\u5e83\u544a\u30af\u30c3\u30ad\u30fc\u304b\u3089\u5f97\u3089\u308c\u305f\u30c7\u30fc\u30bf\u3092\u7b2c\u4e09\u8005\u3068\u5171\u6709\u3059\u308b\u3053\u3068\u304c\u53ef\u80fd\u3068\u306a\u308a\u3001\u7b2c\u4e09\u8005\u306f\u30a6\u30a7\u30d6\u30b5\u30a4\u30c8\u3001\u30bd\u30fc\u30b7\u30e3\u30eb \u30cd\u30c3\u30c8\u30ef\u30fc\u30af\u3001\u304a\u3088\u3073\u305d\u308c\u3092\u8a31\u53ef\u3059\u308b\u3042\u3089\u3086\u308b\u30c7\u30b8\u30bf\u30eb \u30e1\u30c7\u30a3\u30a2\u4e0a\u3067\u30c7\u30b8\u30bf\u30eb\u5e83\u544a\u3092\u30d1\u30fc\u30bd\u30ca\u30e9\u30a4\u30ba\u3067\u304d\u308b\u3088\u3046\u306b\u306a\u308a\u307e\u3059\u3002<\/p>\n<p>\u30c9\u30e1\u30a4\u30f3 https:\/\/tomatesdelguadiana.es\/ \u3067\u4f7f\u7528\u3055\u308c\u308b Cookie \u306e\u30ea\u30b9\u30c8:<\/p>\n<p>\u540d\u524d \u8aac\u660e \/ \u76ee\u7684 \u30d7\u30ed\u30d0\u30a4\u30c0\u30fc \u6709\u52b9\u671f\u9650 \u30b5\u30fc\u30c9\u30d1\u30fc\u30c6\u30a3\u30d7\u30ed\u30d0\u30a4\u30c0\u30fc\u306e\u30d7\u30e9\u30a4\u30d0\u30b7\u30fc\u30dd\u30ea\u30b7\u30fc\u3068\u4fdd\u8a3c<br \/>_ga \u30e6\u30fc\u30b6\u30fc\u3092\u533a\u5225\u3059\u308b\u305f\u3081\u306b\u4f7f\u7528\u3055\u308c\u307e\u3059 Google 2 \u5e74 https:\/\/developers.google.com\/analytics\/devguides\/collection\/analyticsjs\/cookie-usage?hl=es<br \/>_gid \u30e6\u30fc\u30b6\u30fc\u3092\u533a\u5225\u3059\u308b\u305f\u3081\u306b\u4f7f\u7528\u3055\u308c\u307e\u3059 Google 24 \u6642\u9593 https:\/\/developers.google.com\/analytics\/devguides\/collection\/analyticsjs\/cookie-usage?hl=es<br \/>_gat \u30ea\u30af\u30a8\u30b9\u30c8\u306e\u5272\u5408\u3092\u5236\u9650\u3059\u308b\u305f\u3081\u306b\u4f7f\u7528\u3055\u308c\u307e\u3059 Google 1 \u5206 https:\/\/developers.google.com\/analytics\/devguides\/collection\/analyticsjs\/cookie-usage?hl=es<\/p>\n<h2>\u30af\u30c3\u30ad\u30fc\u3092\u7121\u52b9\u306b\u3059\u308b\u3068\u3069\u3046\u306a\u308a\u307e\u3059\u304b?<\/h2>\n<p>\u30af\u30c3\u30ad\u30fc\u304c\u7121\u52b9\u306b\u306a\u3063\u3066\u3044\u308b\u5834\u5408\u3001\u30b5\u30fc\u30d3\u30b9\u306e\u4e00\u90e8\u306e\u6a5f\u80fd\u3084\u3053\u306e\u30a6\u30a7\u30d6\u30b5\u30a4\u30c8\u306e\u4e00\u90e8\u306e\u9818\u57df\u304c\u6b63\u3057\u304f\u6a5f\u80fd\u3057\u306a\u3044\u53ef\u80fd\u6027\u304c\u3042\u308a\u307e\u3059\u3002<\/p>\n<h2>\u5f53\u793e\u306e Cookie \u30dd\u30ea\u30b7\u30fc\u306f\u66f4\u65b0\u3055\u308c\u307e\u3057\u305f\u304b?<\/h2>\n<p>Es posible que actualicemos la Pol\u00edtica de Cookies de nuestra p\u00e1gina web, por ello le recomendamos revisar esta pol\u00edtica cada vez que acceda a nuestro sitio web con el objetivo de estar adecuadamente informado sobre c\u00f3mo y para qu\u00e9 usamos las cookies.[\/vc_column_text][\/vc_column][vc_column width=&#8221;1\/6&#8243;][\/vc_column][\/vc_row][vc_row css=&#8221;.vc_custom_1768907452717{margin-bottom: 0px !important;padding-bottom: 0px !important;background-image: url(http:\/\/tomatesdelguadiana.com\/wp-content\/uploads\/2026\/01\/trama-footer.png?id=3660) !important;background-position: 0 0 !important;background-repeat: no-repeat !important;}&#8221;][vc_column css=&#8221;.vc_custom_1768907583173{margin-bottom: 0px !important;padding-top: 30px !important;padding-bottom: 5px !important;}&#8221;][\/vc_column][\/vc_row]<\/p>\n","protected":false},"excerpt":{"rendered":"<p>[vc_row css=&#8221;.vc_custom_1768981663638{padding-top: 80px !important;padding-bottom: 80px !important;}&#038;#82 [&hellip;]<\/p>\n","protected":false},"author":1,"featured_media":0,"parent":0,"menu_order":0,"comment_status":"closed","ping_status":"closed","template":"","meta":{"footnotes":""},"class_list":["post-4495","page","type-page","status-publish","hentry"],"_links":{"self":[{"href":"https:\/\/tomatesdelguadiana.com\/ja\/wp-json\/wp\/v2\/pages\/4495","targetHints":{"allow":["GET"]}}],"collection":[{"href":"https:\/\/tomatesdelguadiana.com\/ja\/wp-json\/wp\/v2\/pages"}],"about":[{"href":"https:\/\/tomatesdelguadiana.com\/ja\/wp-json\/wp\/v2\/types\/page"}],"author":[{"embeddable":true,"href":"https:\/\/tomatesdelguadiana.com\/ja\/wp-json\/wp\/v2\/users\/1"}],"replies":[{"embeddable":true,"href":"https:\/\/tomatesdelguadiana.com\/ja\/wp-json\/wp\/v2\/comments?post=4495"}],"version-history":[{"count":0,"href":"https:\/\/tomatesdelguadiana.com\/ja\/wp-json\/wp\/v2\/pages\/4495\/revisions"}],"wp:attachment":[{"href":"https:\/\/tomatesdelguadiana.com\/ja\/wp-json\/wp\/v2\/media?parent=4495"}],"curies":[{"name":"wp","href":"https:\/\/api.w.org\/{rel}","templated":true}]}}